{"id":14,"date":"2019-02-17T14:35:28","date_gmt":"2019-02-17T13:35:28","guid":{"rendered":"http:\/\/nilethemes.com\/wordpress\/salma\/?page_id=14"},"modified":"2021-02-02T17:01:13","modified_gmt":"2021-02-02T16:01:13","slug":"about-us","status":"publish","type":"page","link":"https:\/\/oisatwasat.org\/?page_id=14","title":{"rendered":"A propos"},"content":{"rendered":"\t\t<div data-elementor-type=\"wp-page\" data-elementor-id=\"14\" class=\"elementor elementor-14\">\n\t\t\t\t\t\t<section class=\"elementor-section elementor-top-section elementor-element elementor-element-2643da2 elementor-section-content-middle elementor-section-boxed elementor-section-height-default elementor-section-height-default\" data-id=\"2643da2\" data-element_type=\"section\" data-e-type=\"section\">\n\t\t\t\t\t\t<div class=\"elementor-container elementor-column-gap-extended\">\n\t\t\t\t\t<div class=\"elementor-column elementor-col-100 elementor-top-column elementor-element elementor-element-ed46e82 ot-flex-column-vertical\" data-id=\"ed46e82\" data-element_type=\"column\" data-e-type=\"column\">\n\t\t\t<div class=\"elementor-widget-wrap elementor-element-populated\">\n\t\t\t\t\t\t<div class=\"elementor-element elementor-element-092fc78 elementor-widget elementor-widget-iheading\" data-id=\"092fc78\" data-element_type=\"widget\" data-e-type=\"widget\" data-widget_type=\"iheading.default\">\n\t\t\t\t<div class=\"elementor-widget-container\">\n\t\t\t\t\t\t\t<div class=\"ot-heading\">\r\n\t        <span class=\"is_highlight\">Qui sommes nous<\/span>\t        <h3 class=\"main-head\">OISAT  \u0648\u0633\u0637 WASA<\/h3>\t    <\/div>\r\n\t    \t\t\t\t<\/div>\n\t\t\t\t<\/div>\n\t\t\t\t<div class=\"elementor-element elementor-element-af04b69 elementor-widget elementor-widget-text-editor\" data-id=\"af04b69\" data-element_type=\"widget\" data-e-type=\"widget\" data-widget_type=\"text-editor.default\">\n\t\t\t\t<div class=\"elementor-widget-container\">\n\t\t\t\t\t\t\t\t\t<p>L\u2019OISAT-WASAT est une organisation non gouvernementale ONG Internationale de la Soci\u00e9t\u00e9 Civile ,r\u00e9gie par la loi fran\u00e7aise des associations du 1er Juillet 1901, d\u00e9clar\u00e9e \u00e0 la Pr\u00e9fecture de Police de Paris 7eme le 11 D\u00e9cembre 2013 et publi\u00e9e au Journal Officiel du 21 D\u00e9cembre 2013 sous le num\u00e9ro 1403. Domicili\u00e9e en France, son si\u00e8ge social est inscrit au 8 RUE DE L\u2019UNIVERSITE PARIS 75007 Apolitique, \u00e0 but non confessionnel et non lucratif l\u2019OISAT\/WASAT est ouverte \u00e0 toutes personnes ou associations qui adh\u00e8rent \u00e0 ses objectifs, croient en ses principes quant \u00e0 l\u2019application des droits fondamentaux de la personne humaine, sans discrimination aucune , dans le respect de la dignit\u00e9 et la l\u00e9galit\u00e9 ,de la d\u00e9mocratie et la libert\u00e9 d\u2019expression en soutenant ses actions socio- culturelles par le biais d\u2019\u00e9changes d\u2019informations ,d\u2019exp\u00e9riences, de dialogue ,de partage, d\u2019appui et de solidarit\u00e9&#8230;<\/p>\t\t\t\t\t\t\t\t<\/div>\n\t\t\t\t<\/div>\n\t\t\t\t<section class=\"elementor-section elementor-inner-section elementor-element elementor-element-de9404f elementor-section-full_width elementor-section-height-default elementor-section-height-default\" data-id=\"de9404f\" data-element_type=\"section\" data-e-type=\"section\">\n\t\t\t\t\t\t<div class=\"elementor-container elementor-column-gap-no\">\n\t\t\t\t\t<div class=\"elementor-column elementor-col-50 elementor-inner-column elementor-element elementor-element-97ac61c ot-flex-column-vertical\" data-id=\"97ac61c\" data-element_type=\"column\" data-e-type=\"column\">\n\t\t\t<div class=\"elementor-widget-wrap elementor-element-populated\">\n\t\t\t\t\t\t<div class=\"elementor-element elementor-element-cadfa10 elementor-widget elementor-widget-image\" data-id=\"cadfa10\" data-element_type=\"widget\" data-e-type=\"widget\" data-widget_type=\"image.default\">\n\t\t\t\t<div class=\"elementor-widget-container\">\n\t\t\t\t\t\t\t\t\t\t\t\t\t\t\t<img decoding=\"async\" width=\"194\" height=\"255\" src=\"https:\/\/oisatwasat.org\/wp-content\/uploads\/2021\/01\/saida-agrebi.jpeg\" class=\"attachment-full size-full wp-image-5661\" alt=\"\" \/>\t\t\t\t\t\t\t\t\t\t\t\t\t\t\t<\/div>\n\t\t\t\t<\/div>\n\t\t\t\t\t<\/div>\n\t\t<\/div>\n\t\t\t\t<div class=\"elementor-column elementor-col-50 elementor-inner-column elementor-element elementor-element-9830418 ot-flex-column-vertical\" data-id=\"9830418\" data-element_type=\"column\" data-e-type=\"column\">\n\t\t\t<div class=\"elementor-widget-wrap elementor-element-populated\">\n\t\t\t\t\t\t<div class=\"elementor-element elementor-element-94a2b98 elementor-widget elementor-widget-heading\" data-id=\"94a2b98\" data-element_type=\"widget\" data-e-type=\"widget\" data-widget_type=\"heading.default\">\n\t\t\t\t<div class=\"elementor-widget-container\">\n\t\t\t\t\t<h6 class=\"elementor-heading-title elementor-size-default\">Saida AGREBI<\/h6>\t\t\t\t<\/div>\n\t\t\t\t<\/div>\n\t\t\t\t<div class=\"elementor-element elementor-element-251f6c5 elementor-widget elementor-widget-text-editor\" data-id=\"251f6c5\" data-element_type=\"widget\" data-e-type=\"widget\" data-widget_type=\"text-editor.default\">\n\t\t\t\t<div class=\"elementor-widget-container\">\n\t\t\t\t\t\t\t\t\t<p>founder<\/p>\t\t\t\t\t\t\t\t<\/div>\n\t\t\t\t<\/div>\n\t\t\t\t\t<\/div>\n\t\t<\/div>\n\t\t\t\t\t<\/div>\n\t\t<\/section>\n\t\t\t\t\t<\/div>\n\t\t<\/div>\n\t\t\t\t\t<\/div>\n\t\t<\/section>\n\t\t\t\t<section class=\"elementor-section elementor-top-section elementor-element elementor-element-7170df2 elementor-section-boxed elementor-section-height-default elementor-section-height-default\" data-id=\"7170df2\" data-element_type=\"section\" data-e-type=\"section\" data-settings=\"{&quot;background_background&quot;:&quot;classic&quot;}\">\n\t\t\t\t\t\t<div class=\"elementor-container elementor-column-gap-default\">\n\t\t\t\t\t<div class=\"elementor-column elementor-col-100 elementor-top-column elementor-element elementor-element-c9478ef ot-flex-column-vertical\" data-id=\"c9478ef\" data-element_type=\"column\" data-e-type=\"column\">\n\t\t\t<div class=\"elementor-widget-wrap elementor-element-populated\">\n\t\t\t\t\t\t<section class=\"elementor-section elementor-inner-section elementor-element elementor-element-db0bc8c elementor-section-full_width elementor-section-height-default elementor-section-height-default\" data-id=\"db0bc8c\" data-element_type=\"section\" data-e-type=\"section\">\n\t\t\t\t\t\t<div class=\"elementor-container elementor-column-gap-default\">\n\t\t\t\t\t<div class=\"elementor-column elementor-col-33 elementor-inner-column elementor-element elementor-element-8768332 ot-flex-column-vertical\" data-id=\"8768332\" data-element_type=\"column\" data-e-type=\"column\">\n\t\t\t<div class=\"elementor-widget-wrap\">\n\t\t\t\t\t\t\t<\/div>\n\t\t<\/div>\n\t\t\t\t<div class=\"elementor-column elementor-col-33 elementor-inner-column elementor-element elementor-element-890fd5a ot-flex-column-vertical\" data-id=\"890fd5a\" data-element_type=\"column\" data-e-type=\"column\">\n\t\t\t<div class=\"elementor-widget-wrap elementor-element-populated\">\n\t\t\t\t\t\t<div class=\"elementor-element elementor-element-9138033 elementor-widget elementor-widget-iheading\" data-id=\"9138033\" data-element_type=\"widget\" data-e-type=\"widget\" data-widget_type=\"iheading.default\">\n\t\t\t\t<div class=\"elementor-widget-container\">\n\t\t\t\t\t\t\t<div class=\"ot-heading\">\r\n\t        <span class=\"is_highlight\">Notre equipe<\/span>\t        <h3 class=\"main-head\">EQUIPE EXECUTIVE ACTIVE <\/h3>\t    <\/div>\r\n\t    \t\t\t\t<\/div>\n\t\t\t\t<\/div>\n\t\t\t\t\t<\/div>\n\t\t<\/div>\n\t\t\t\t<div class=\"elementor-column elementor-col-33 elementor-inner-column elementor-element elementor-element-7f63432 ot-flex-column-vertical\" data-id=\"7f63432\" data-element_type=\"column\" data-e-type=\"column\">\n\t\t\t<div class=\"elementor-widget-wrap\">\n\t\t\t\t\t\t\t<\/div>\n\t\t<\/div>\n\t\t\t\t\t<\/div>\n\t\t<\/section>\n\t\t\t\t<section class=\"elementor-section elementor-inner-section elementor-element elementor-element-b416456 elementor-section-full_width elementor-section-height-default elementor-section-height-default\" data-id=\"b416456\" data-element_type=\"section\" data-e-type=\"section\">\n\t\t\t\t\t\t<div class=\"elementor-container elementor-column-gap-extended\">\n\t\t\t\t\t<div class=\"elementor-column elementor-col-50 elementor-inner-column elementor-element elementor-element-76e9ad7 ot-flex-column-vertical\" data-id=\"76e9ad7\" data-element_type=\"column\" data-e-type=\"column\">\n\t\t\t<div class=\"elementor-widget-wrap elementor-element-populated\">\n\t\t\t\t\t\t<div class=\"elementor-element elementor-element-9e7ffab elementor-widget elementor-widget-imember\" data-id=\"9e7ffab\" data-element_type=\"widget\" data-e-type=\"widget\" data-widget_type=\"imember.default\">\n\t\t\t\t<div class=\"elementor-widget-container\">\n\t\t\t\t\t\r\n\t\t<div class=\"ot-team team-1\">\r\n\t\t\t<div class=\"team-thumb\">\r\n\t\t\t\t\t\t\t\t\t\t\t\t<div class=\"team-social\">\r\n\t\t\t\t\t\t\t\t\t\t\t\t\t\t\t\t\t\t<a rel=\"nofollow\" \r\n\t\t\t\t\t\t\t\t\thref=\"#\" class=\"pinterest\" style=\"transition-delay: 0ms\">\r\n\t\t\t\t\t\t\t\t\t<i aria-hidden=\"true\" class=\"fab fa-pinterest-p\"><\/i>\t\t\t\t\t\t\t<\/a>\r\n\t\t\t\t\t\t\t\t\t\t\t\t\t\t\t\t\t\t\t\t\t\t\t\t<a rel=\"nofollow\" \r\n\t\t\t\t\t\t\t\t\thref=\"#\" class=\"facebook\" style=\"transition-delay: 50ms\">\r\n\t\t\t\t\t\t\t\t\t<i aria-hidden=\"true\" class=\"fab fa-facebook-f\"><\/i>\t\t\t\t\t\t\t<\/a>\r\n\t\t\t\t\t\t\t\t\t\t\t\t\t\t\t\t\t\t\t\t\t\t\t\t<a rel=\"nofollow\" \r\n\t\t\t\t\t\t\t\t\thref=\"#\" class=\"twitter\" style=\"transition-delay: 100ms\">\r\n\t\t\t\t\t\t\t\t\t<i aria-hidden=\"true\" class=\"fab fa-twitter\"><\/i>\t\t\t\t\t\t\t<\/a>\r\n\t\t\t\t\t\t\t\t\t\t\t\t\t\t\t\t<span class=\"ot-flaticon-signs\"><\/span>\r\n\t\t\t\t<\/div>\r\n\t\t\t\t\t\t\t<\/div>\r\n\t\t\t<div class=\"team-info\">\r\n\t\t\t\t<h6 class=\"tname\">Saida AGREBI<\/h6>\t\t\t\t<span>Pr\u00e9sidente<\/span>\t\t\t<\/div>\r\n\t\t<\/div>\r\n\t        \r\n\t    \t\t\t\t<\/div>\n\t\t\t\t<\/div>\n\t\t\t\t\t<\/div>\n\t\t<\/div>\n\t\t\t\t<div class=\"elementor-column elementor-col-50 elementor-inner-column elementor-element elementor-element-f0874a3 ot-flex-column-vertical\" data-id=\"f0874a3\" data-element_type=\"column\" data-e-type=\"column\">\n\t\t\t<div class=\"elementor-widget-wrap elementor-element-populated\">\n\t\t\t\t\t\t<div class=\"elementor-element elementor-element-2f48468 elementor-widget elementor-widget-imember\" data-id=\"2f48468\" data-element_type=\"widget\" data-e-type=\"widget\" data-widget_type=\"imember.default\">\n\t\t\t\t<div class=\"elementor-widget-container\">\n\t\t\t\t\t\r\n\t\t<div class=\"ot-team team-1\">\r\n\t\t\t<div class=\"team-thumb\">\r\n\t\t\t\t\t\t\t\t\t\t\t\t<div class=\"team-social\">\r\n\t\t\t\t\t\t\t\t\t\t\t\t\t\t\t\t\t\t<a rel=\"nofollow\" \r\n\t\t\t\t\t\t\t\t\thref=\"#\" class=\"pinterest\" style=\"transition-delay: 0ms\">\r\n\t\t\t\t\t\t\t\t\t<i aria-hidden=\"true\" class=\"fab fa-pinterest-p\"><\/i>\t\t\t\t\t\t\t<\/a>\r\n\t\t\t\t\t\t\t\t\t\t\t\t\t\t\t\t\t\t\t\t\t\t\t\t<a rel=\"nofollow\" \r\n\t\t\t\t\t\t\t\t\thref=\"#\" class=\"facebook\" style=\"transition-delay: 50ms\">\r\n\t\t\t\t\t\t\t\t\t<i aria-hidden=\"true\" class=\"fab fa-facebook-f\"><\/i>\t\t\t\t\t\t\t<\/a>\r\n\t\t\t\t\t\t\t\t\t\t\t\t\t\t\t\t\t\t\t\t\t\t\t\t<a rel=\"nofollow\" \r\n\t\t\t\t\t\t\t\t\thref=\"#\" class=\"twitter\" style=\"transition-delay: 100ms\">\r\n\t\t\t\t\t\t\t\t\t<i aria-hidden=\"true\" class=\"fab fa-twitter\"><\/i>\t\t\t\t\t\t\t<\/a>\r\n\t\t\t\t\t\t\t\t\t\t\t\t\t\t\t\t<span class=\"ot-flaticon-signs\"><\/span>\r\n\t\t\t\t<\/div>\r\n\t\t\t\t\t\t\t<\/div>\r\n\t\t\t<div class=\"team-info\">\r\n\t\t\t\t<h6 class=\"tname\">Jean Claude TOULUCH<\/h6>\t\t\t\t<span>Vice pr\u00e9sident <\/span>\t\t\t<\/div>\r\n\t\t<\/div>\r\n\t        \r\n\t    \t\t\t\t<\/div>\n\t\t\t\t<\/div>\n\t\t\t\t\t<\/div>\n\t\t<\/div>\n\t\t\t\t\t<\/div>\n\t\t<\/section>\n\t\t\t\t<section class=\"elementor-section elementor-inner-section elementor-element elementor-element-962ed49 elementor-section-full_width elementor-section-height-default elementor-section-height-default\" data-id=\"962ed49\" data-element_type=\"section\" data-e-type=\"section\">\n\t\t\t\t\t\t<div class=\"elementor-container elementor-column-gap-extended\">\n\t\t\t\t\t<div class=\"elementor-column elementor-col-25 elementor-inner-column elementor-element elementor-element-39df830 ot-flex-column-vertical\" data-id=\"39df830\" data-element_type=\"column\" data-e-type=\"column\">\n\t\t\t<div class=\"elementor-widget-wrap elementor-element-populated\">\n\t\t\t\t\t\t<div class=\"elementor-element elementor-element-00ee535 elementor-widget elementor-widget-imember\" data-id=\"00ee535\" data-element_type=\"widget\" data-e-type=\"widget\" data-widget_type=\"imember.default\">\n\t\t\t\t<div class=\"elementor-widget-container\">\n\t\t\t\t\t\r\n\t\t<div class=\"ot-team team-1\">\r\n\t\t\t<div class=\"team-thumb\">\r\n\t\t\t\t\t\t\t\t\t\t\t\t<div class=\"team-social\">\r\n\t\t\t\t\t\t\t\t\t\t\t\t\t\t\t\t\t\t<a rel=\"nofollow\" \r\n\t\t\t\t\t\t\t\t\thref=\"#\" class=\"pinterest\" style=\"transition-delay: 0ms\">\r\n\t\t\t\t\t\t\t\t\t<i aria-hidden=\"true\" class=\"fab fa-pinterest-p\"><\/i>\t\t\t\t\t\t\t<\/a>\r\n\t\t\t\t\t\t\t\t\t\t\t\t\t\t\t\t\t\t\t\t\t\t\t\t<a rel=\"nofollow\" \r\n\t\t\t\t\t\t\t\t\thref=\"#\" class=\"facebook\" style=\"transition-delay: 50ms\">\r\n\t\t\t\t\t\t\t\t\t<i aria-hidden=\"true\" class=\"fab fa-facebook-f\"><\/i>\t\t\t\t\t\t\t<\/a>\r\n\t\t\t\t\t\t\t\t\t\t\t\t\t\t\t\t\t\t\t\t\t\t\t\t<a rel=\"nofollow\" \r\n\t\t\t\t\t\t\t\t\thref=\"#\" class=\"twitter\" style=\"transition-delay: 100ms\">\r\n\t\t\t\t\t\t\t\t\t<i aria-hidden=\"true\" class=\"fab fa-twitter\"><\/i>\t\t\t\t\t\t\t<\/a>\r\n\t\t\t\t\t\t\t\t\t\t\t\t\t\t\t\t<span class=\"ot-flaticon-signs\"><\/span>\r\n\t\t\t\t<\/div>\r\n\t\t\t\t\t\t\t<\/div>\r\n\t\t\t<div class=\"team-info\">\r\n\t\t\t\t<h6 class=\"tname\">Corinne GIDUICELLI<\/h6>\t\t\t\t<span>CONSEILLIERE JURIDIQUE <\/span>\t\t\t<\/div>\r\n\t\t<\/div>\r\n\t        \r\n\t    \t\t\t\t<\/div>\n\t\t\t\t<\/div>\n\t\t\t\t\t<\/div>\n\t\t<\/div>\n\t\t\t\t<div class=\"elementor-column elementor-col-25 elementor-inner-column elementor-element elementor-element-c381a9f ot-flex-column-vertical\" data-id=\"c381a9f\" data-element_type=\"column\" data-e-type=\"column\">\n\t\t\t<div class=\"elementor-widget-wrap elementor-element-populated\">\n\t\t\t\t\t\t<div class=\"elementor-element elementor-element-4036930 elementor-widget elementor-widget-imember\" data-id=\"4036930\" data-element_type=\"widget\" data-e-type=\"widget\" data-widget_type=\"imember.default\">\n\t\t\t\t<div class=\"elementor-widget-container\">\n\t\t\t\t\t\r\n\t\t<div class=\"ot-team team-1\">\r\n\t\t\t<div class=\"team-thumb\">\r\n\t\t\t\t\t\t\t\t\t\t\t\t<div class=\"team-social\">\r\n\t\t\t\t\t\t\t\t\t\t\t\t\t\t\t\t\t\t<a rel=\"nofollow\" \r\n\t\t\t\t\t\t\t\t\thref=\"#\" class=\"pinterest\" style=\"transition-delay: 0ms\">\r\n\t\t\t\t\t\t\t\t\t<i aria-hidden=\"true\" class=\"fab fa-pinterest-p\"><\/i>\t\t\t\t\t\t\t<\/a>\r\n\t\t\t\t\t\t\t\t\t\t\t\t\t\t\t\t\t\t\t\t\t\t\t\t<a rel=\"nofollow\" \r\n\t\t\t\t\t\t\t\t\thref=\"#\" class=\"facebook\" style=\"transition-delay: 50ms\">\r\n\t\t\t\t\t\t\t\t\t<i aria-hidden=\"true\" class=\"fab fa-facebook-f\"><\/i>\t\t\t\t\t\t\t<\/a>\r\n\t\t\t\t\t\t\t\t\t\t\t\t\t\t\t\t\t\t\t\t\t\t\t\t<a rel=\"nofollow\" \r\n\t\t\t\t\t\t\t\t\thref=\"#\" class=\"twitter\" style=\"transition-delay: 100ms\">\r\n\t\t\t\t\t\t\t\t\t<i aria-hidden=\"true\" class=\"fab fa-twitter\"><\/i>\t\t\t\t\t\t\t<\/a>\r\n\t\t\t\t\t\t\t\t\t\t\t\t\t\t\t\t<span class=\"ot-flaticon-signs\"><\/span>\r\n\t\t\t\t<\/div>\r\n\t\t\t\t\t\t\t<\/div>\r\n\t\t\t<div class=\"team-info\">\r\n\t\t\t\t<h6 class=\"tname\">Magda OSMAN<\/h6>\t\t\t\t<span>coordinatrice <\/span>\t\t\t<\/div>\r\n\t\t<\/div>\r\n\t        \r\n\t    \t\t\t\t<\/div>\n\t\t\t\t<\/div>\n\t\t\t\t\t<\/div>\n\t\t<\/div>\n\t\t\t\t<div class=\"elementor-column elementor-col-25 elementor-inner-column elementor-element elementor-element-afa90a5 ot-flex-column-vertical\" data-id=\"afa90a5\" data-element_type=\"column\" data-e-type=\"column\">\n\t\t\t<div class=\"elementor-widget-wrap elementor-element-populated\">\n\t\t\t\t\t\t<div class=\"elementor-element elementor-element-e067981 elementor-widget elementor-widget-imember\" data-id=\"e067981\" data-element_type=\"widget\" data-e-type=\"widget\" data-widget_type=\"imember.default\">\n\t\t\t\t<div class=\"elementor-widget-container\">\n\t\t\t\t\t\r\n\t\t<div class=\"ot-team team-1\">\r\n\t\t\t<div class=\"team-thumb\">\r\n\t\t\t\t\t\t\t\t\t\t\t\t<div class=\"team-social\">\r\n\t\t\t\t\t\t\t\t\t\t\t\t\t\t\t\t\t\t<a rel=\"nofollow\" \r\n\t\t\t\t\t\t\t\t\thref=\"#\" class=\"pinterest\" style=\"transition-delay: 0ms\">\r\n\t\t\t\t\t\t\t\t\t<i aria-hidden=\"true\" class=\"fab fa-pinterest-p\"><\/i>\t\t\t\t\t\t\t<\/a>\r\n\t\t\t\t\t\t\t\t\t\t\t\t\t\t\t\t\t\t\t\t\t\t\t\t<a rel=\"nofollow\" \r\n\t\t\t\t\t\t\t\t\thref=\"#\" class=\"facebook\" style=\"transition-delay: 50ms\">\r\n\t\t\t\t\t\t\t\t\t<i aria-hidden=\"true\" class=\"fab fa-facebook-f\"><\/i>\t\t\t\t\t\t\t<\/a>\r\n\t\t\t\t\t\t\t\t\t\t\t\t\t\t\t\t\t\t\t\t\t\t\t\t<a rel=\"nofollow\" \r\n\t\t\t\t\t\t\t\t\thref=\"#\" class=\"twitter\" style=\"transition-delay: 100ms\">\r\n\t\t\t\t\t\t\t\t\t<i aria-hidden=\"true\" class=\"fab fa-twitter\"><\/i>\t\t\t\t\t\t\t<\/a>\r\n\t\t\t\t\t\t\t\t\t\t\t\t\t\t\t\t<span class=\"ot-flaticon-signs\"><\/span>\r\n\t\t\t\t<\/div>\r\n\t\t\t\t\t\t\t<\/div>\r\n\t\t\t<div class=\"team-info\">\r\n\t\t\t\t<h6 class=\"tname\">Ines BOUDEMAGH <\/h6>\t\t\t\t<span>secr\u00e9taire g\u00e9n\u00e9ral <\/span>\t\t\t<\/div>\r\n\t\t<\/div>\r\n\t        \r\n\t    \t\t\t\t<\/div>\n\t\t\t\t<\/div>\n\t\t\t\t\t<\/div>\n\t\t<\/div>\n\t\t\t\t<div class=\"elementor-column elementor-col-25 elementor-inner-column elementor-element elementor-element-f10c277 ot-flex-column-vertical\" data-id=\"f10c277\" data-element_type=\"column\" data-e-type=\"column\">\n\t\t\t<div class=\"elementor-widget-wrap elementor-element-populated\">\n\t\t\t\t\t\t<div class=\"elementor-element elementor-element-ced76db elementor-widget elementor-widget-imember\" data-id=\"ced76db\" data-element_type=\"widget\" data-e-type=\"widget\" data-widget_type=\"imember.default\">\n\t\t\t\t<div class=\"elementor-widget-container\">\n\t\t\t\t\t\r\n\t\t<div class=\"ot-team team-1\">\r\n\t\t\t<div class=\"team-thumb\">\r\n\t\t\t\t\t\t\t\t\t\t\t\t<div class=\"team-social\">\r\n\t\t\t\t\t\t\t\t\t\t\t\t\t\t\t\t\t\t<a rel=\"nofollow\" \r\n\t\t\t\t\t\t\t\t\thref=\"#\" class=\"pinterest\" style=\"transition-delay: 0ms\">\r\n\t\t\t\t\t\t\t\t\t<i aria-hidden=\"true\" class=\"fab fa-pinterest-p\"><\/i>\t\t\t\t\t\t\t<\/a>\r\n\t\t\t\t\t\t\t\t\t\t\t\t\t\t\t\t\t\t\t\t\t\t\t\t<a rel=\"nofollow\" \r\n\t\t\t\t\t\t\t\t\thref=\"#\" class=\"facebook\" style=\"transition-delay: 50ms\">\r\n\t\t\t\t\t\t\t\t\t<i aria-hidden=\"true\" class=\"fab fa-facebook-f\"><\/i>\t\t\t\t\t\t\t<\/a>\r\n\t\t\t\t\t\t\t\t\t\t\t\t\t\t\t\t\t\t\t\t\t\t\t\t<a rel=\"nofollow\" \r\n\t\t\t\t\t\t\t\t\thref=\"#\" class=\"twitter\" style=\"transition-delay: 100ms\">\r\n\t\t\t\t\t\t\t\t\t<i aria-hidden=\"true\" class=\"fab fa-twitter\"><\/i>\t\t\t\t\t\t\t<\/a>\r\n\t\t\t\t\t\t\t\t\t\t\t\t\t\t\t\t<span class=\"ot-flaticon-signs\"><\/span>\r\n\t\t\t\t<\/div>\r\n\t\t\t\t\t\t\t<\/div>\r\n\t\t\t<div class=\"team-info\">\r\n\t\t\t\t<h6 class=\"tname\">Loure BLAISE <\/h6>\t\t\t\t<span>tr\u00e9sorerie <\/span>\t\t\t<\/div>\r\n\t\t<\/div>\r\n\t        \r\n\t    \t\t\t\t<\/div>\n\t\t\t\t<\/div>\n\t\t\t\t\t<\/div>\n\t\t<\/div>\n\t\t\t\t\t<\/div>\n\t\t<\/section>\n\t\t\t\t\t<\/div>\n\t\t<\/div>\n\t\t\t\t\t<\/div>\n\t\t<\/section>\n\t\t\t\t<\/div>\n\t\t","protected":false},"excerpt":{"rendered":"<p>Qui sommes nous OISAT \u0648\u0633\u0637 WASA L\u2019OISAT-WASAT est une organisation non gouvernementale ONG Internationale de la Soci\u00e9t\u00e9 Civile ,r\u00e9gie par la loi fran\u00e7aise des associations du 1er Juillet 1901, d\u00e9clar\u00e9e \u00e0 la Pr\u00e9fecture de Police de Paris 7eme le 11 D\u00e9cembre 2013 et publi\u00e9e au Journal Officiel du 21 D\u00e9cembre 2013 sous le num\u00e9ro 1403. [&hellip;]<\/p>\n","protected":false},"author":1,"featured_media":0,"parent":0,"menu_order":0,"comment_status":"closed","ping_status":"closed","template":"","meta":{"footnotes":""},"class_list":["post-14","page","type-page","status-publish","hentry"],"_links":{"self":[{"href":"https:\/\/oisatwasat.org\/index.php?rest_route=\/wp\/v2\/pages\/14","targetHints":{"allow":["GET"]}}],"collection":[{"href":"https:\/\/oisatwasat.org\/index.php?rest_route=\/wp\/v2\/pages"}],"about":[{"href":"https:\/\/oisatwasat.org\/index.php?rest_route=\/wp\/v2\/types\/page"}],"author":[{"embeddable":true,"href":"https:\/\/oisatwasat.org\/index.php?rest_route=\/wp\/v2\/users\/1"}],"replies":[{"embeddable":true,"href":"https:\/\/oisatwasat.org\/index.php?rest_route=%2Fwp%2Fv2%2Fcomments&post=14"}],"version-history":[{"count":5,"href":"https:\/\/oisatwasat.org\/index.php?rest_route=\/wp\/v2\/pages\/14\/revisions"}],"predecessor-version":[{"id":6464,"href":"https:\/\/oisatwasat.org\/index.php?rest_route=\/wp\/v2\/pages\/14\/revisions\/6464"}],"wp:attachment":[{"href":"https:\/\/oisatwasat.org\/index.php?rest_route=%2Fwp%2Fv2%2Fmedia&parent=14"}],"curies":[{"name":"wp","href":"https:\/\/api.w.org\/{rel}","templated":true}]}}